{"id":2014,"date":"2024-11-25T18:31:43","date_gmt":"2024-11-25T18:31:43","guid":{"rendered":"https:\/\/balouci.com\/?page_id=2014"},"modified":"2025-01-06T16:04:12","modified_gmt":"2025-01-06T16:04:12","slug":"anniversaire","status":"publish","type":"page","link":"https:\/\/balouci.com\/en\/anniversaire\/","title":{"rendered":"Birthday"},"content":{"rendered":"<div data-elementor-type=\"wp-page\" data-elementor-id=\"2014\" class=\"elementor elementor-2014\" data-elementor-post-type=\"page\">\n\t\t\t\t\t\t<section class=\"elementor-section elementor-top-section elementor-element elementor-element-0ce36ad elementor-section-stretched elementor-section-full_width elementor-section-height-default elementor-section-height-default wpr-particle-no wpr-jarallax-no wpr-parallax-no wpr-sticky-section-no\" data-id=\"0ce36ad\" data-element_type=\"section\" data-settings=\"{&quot;stretch_section&quot;:&quot;section-stretched&quot;,&quot;background_background&quot;:&quot;classic&quot;}\">\n\t\t\t\t\t\t<div class=\"elementor-container elementor-column-gap-no\">\n\t\t\t\t\t<div class=\"elementor-column elementor-col-33 elementor-top-column elementor-element elementor-element-89c6a3c elementor-invisible\" data-id=\"89c6a3c\" data-element_type=\"column\" data-settings=\"{&quot;background_background&quot;:&quot;classic&quot;,&quot;animation&quot;:&quot;fadeIn&quot;}\">\n\t\t\t<div class=\"elementor-widget-wrap\">\n\t\t\t\t\t\t\t<\/div>\n\t\t<\/div>\n\t\t\t\t<div class=\"elementor-column elementor-col-33 elementor-top-column elementor-element elementor-element-f1d686e elementor-invisible\" data-id=\"f1d686e\" data-element_type=\"column\" data-settings=\"{&quot;background_background&quot;:&quot;classic&quot;,&quot;animation&quot;:&quot;fadeIn&quot;}\">\n\t\t\t<div class=\"elementor-widget-wrap elementor-element-populated\">\n\t\t\t\t\t\t<div class=\"elementor-element elementor-element-318d4cc elementor-widget elementor-widget-heading\" data-id=\"318d4cc\" data-element_type=\"widget\" data-widget_type=\"heading.default\">\n\t\t\t\t<div class=\"elementor-widget-container\">\n\t\t\t\t\t<h1 class=\"elementor-heading-title elementor-size-default\">Happy birthday<\/h1>\t\t\t\t<\/div>\n\t\t\t\t<\/div>\n\t\t\t\t<div class=\"elementor-element elementor-element-a87a11c elementor-align-center elementor-widget elementor-widget-text_button\" data-id=\"a87a11c\" data-element_type=\"widget\" data-widget_type=\"text_button.default\">\n\t\t\t\t<div class=\"elementor-widget-container\">\n\t\t\t\t\t<div class=\"etheme-button-wrapper\"><a href=\"#\" class=\"fill-bottom has-fill etheme-text-button elementor-button\" role=\"button\">\r\n        <span class=\"elementor-button-content-wrapper\">\r\n            \r\n\t\t\t<span class=\"elementor-button-text\">Demandez un devis<\/span>\r\n\r\n            \r\n            \r\n        <\/span><\/a><\/div>\t\t\t\t<\/div>\n\t\t\t\t<\/div>\n\t\t\t\t<div class=\"elementor-element elementor-element-7f3494b elementor-widget elementor-widget-heading\" data-id=\"7f3494b\" data-element_type=\"widget\" data-widget_type=\"heading.default\">\n\t\t\t\t<div class=\"elementor-widget-container\">\n\t\t\t\t\t<h1 class=\"elementor-heading-title elementor-size-default\">Balou birthdays <\/h1>\t\t\t\t<\/div>\n\t\t\t\t<\/div>\n\t\t\t\t<div class=\"elementor-element elementor-element-b399af4 elementor-widget elementor-widget-text-editor\" data-id=\"b399af4\" data-element_type=\"widget\" data-widget_type=\"text-editor.default\">\n\t\t\t\t<div class=\"elementor-widget-container\">\n\t\t\t\t\t\t\t\t\t<p>Balou propose des formules adapt\u00e9es aux enfants \u00e0 partir d&rsquo; 1 ans.<\/p><p>On the program: our workshops (musical awakening, bodily awakening, manual activity), and the provision of our games.<\/p><p>For older children, our entertainers offer various themes (Superhero birthday, Princess birthday, etc.).<\/p><p>En option, nous vous proposons le go\u00fbter, le g\u00e2teau d&rsquo;anniversaire, la d\u00e9coration et plus encore.\u00a0<\/p><p>Our capacity:\u00a0<span style=\"font-family: inherit; font-size: inherit;\">30 kids\u00a0<\/span><\/p><p><strong>Pour plus d&rsquo;informations sur nos options et tarifs, contactez-nous.<\/strong><\/p>\t\t\t\t\t\t\t\t<\/div>\n\t\t\t\t<\/div>\n\t\t\t\t\t<\/div>\n\t\t<\/div>\n\t\t\t\t<div class=\"elementor-column elementor-col-33 elementor-top-column elementor-element elementor-element-222464e elementor-invisible\" data-id=\"222464e\" data-element_type=\"column\" data-settings=\"{&quot;background_background&quot;:&quot;classic&quot;,&quot;animation&quot;:&quot;fadeIn&quot;}\">\n\t\t\t<div class=\"elementor-widget-wrap\">\n\t\t\t\t\t\t\t<\/div>\n\t\t<\/div>\n\t\t\t\t\t<\/div>\n\t\t<\/section>\n\t\t\t\t<section class=\"elementor-section elementor-top-section elementor-element elementor-element-d27306c elementor-section-stretched elementor-section-full_width elementor-section-height-default elementor-section-height-default wpr-particle-no wpr-jarallax-no wpr-parallax-no wpr-sticky-section-no\" data-id=\"d27306c\" data-element_type=\"section\" data-settings=\"{&quot;stretch_section&quot;:&quot;section-stretched&quot;}\">\n\t\t\t\t\t\t<div class=\"elementor-container elementor-column-gap-no\">\n\t\t\t\t\t<div class=\"elementor-column elementor-col-100 elementor-top-column elementor-element elementor-element-4dc4df9 elementor-invisible\" data-id=\"4dc4df9\" data-element_type=\"column\" data-settings=\"{&quot;background_background&quot;:&quot;classic&quot;,&quot;animation&quot;:&quot;fadeIn&quot;}\">\n\t\t\t<div class=\"elementor-widget-wrap elementor-element-populated\">\n\t\t\t\t\t\t<div class=\"elementor-element elementor-element-9744d41 elementor-widget elementor-widget-image\" data-id=\"9744d41\" data-element_type=\"widget\" data-widget_type=\"image.default\">\n\t\t\t\t<div class=\"elementor-widget-container\">\n\t\t\t\t\t\t\t\t\t\t\t\t\t\t\t<img fetchpriority=\"high\" decoding=\"async\" width=\"2560\" height=\"693\" src=\"https:\/\/balouci.com\/wp-content\/uploads\/2024\/12\/1410x650-02-02-scaled.jpg\" class=\"attachment-full size-full wp-image-2283\" alt=\"\" srcset=\"https:\/\/balouci.com\/wp-content\/uploads\/2024\/12\/1410x650-02-02-scaled.jpg 2560w, https:\/\/balouci.com\/wp-content\/uploads\/2024\/12\/1410x650-02-02-300x81.jpg 300w, https:\/\/balouci.com\/wp-content\/uploads\/2024\/12\/1410x650-02-02-1024x277.jpg 1024w, https:\/\/balouci.com\/wp-content\/uploads\/2024\/12\/1410x650-02-02-768x208.jpg 768w, https:\/\/balouci.com\/wp-content\/uploads\/2024\/12\/1410x650-02-02-1536x416.jpg 1536w, https:\/\/balouci.com\/wp-content\/uploads\/2024\/12\/1410x650-02-02-2048x555.jpg 2048w, https:\/\/balouci.com\/wp-content\/uploads\/2024\/12\/1410x650-02-02-600x163.jpg 600w, https:\/\/balouci.com\/wp-content\/uploads\/2024\/12\/1410x650-02-02-1x1.jpg 1w, https:\/\/balouci.com\/wp-content\/uploads\/2024\/12\/1410x650-02-02-10x3.jpg 10w\" sizes=\"(max-width: 2560px) 100vw, 2560px\" \/>\t\t\t\t\t\t\t\t\t\t\t\t\t\t\t<\/div>\n\t\t\t\t<\/div>\n\t\t\t\t\t<\/div>\n\t\t<\/div>\n\t\t\t\t\t<\/div>\n\t\t<\/section>\n\t\t\t\t<\/div>","protected":false},"excerpt":{"rendered":"<p>Joyeux anniversaire Demandez un devis les anniversaires Balou Balou propose des formules adapt\u00e9es aux enfants \u00e0 partir d&rsquo; 1 ans. Au programme : nos ateliers&#8230;<\/p>","protected":false},"author":1,"featured_media":0,"parent":0,"menu_order":0,"comment_status":"closed","ping_status":"closed","template":"","meta":{"_monsterinsights_skip_tracking":false,"_monsterinsights_sitenote_active":false,"_monsterinsights_sitenote_note":"","_monsterinsights_sitenote_category":0,"footnotes":""},"class_list":["post-2014","page","type-page","status-publish","hentry"],"_links":{"self":[{"href":"https:\/\/balouci.com\/en\/wp-json\/wp\/v2\/pages\/2014","targetHints":{"allow":["GET"]}}],"collection":[{"href":"https:\/\/balouci.com\/en\/wp-json\/wp\/v2\/pages"}],"about":[{"href":"https:\/\/balouci.com\/en\/wp-json\/wp\/v2\/types\/page"}],"author":[{"embeddable":true,"href":"https:\/\/balouci.com\/en\/wp-json\/wp\/v2\/users\/1"}],"replies":[{"embeddable":true,"href":"https:\/\/balouci.com\/en\/wp-json\/wp\/v2\/comments?post=2014"}],"version-history":[{"count":34,"href":"https:\/\/balouci.com\/en\/wp-json\/wp\/v2\/pages\/2014\/revisions"}],"predecessor-version":[{"id":2706,"href":"https:\/\/balouci.com\/en\/wp-json\/wp\/v2\/pages\/2014\/revisions\/2706"}],"wp:attachment":[{"href":"https:\/\/balouci.com\/en\/wp-json\/wp\/v2\/media?parent=2014"}],"curies":[{"name":"wp","href":"https:\/\/api.w.org\/{rel}","templated":true}]}}