{"id":2009,"date":"2024-11-25T18:30:59","date_gmt":"2024-11-25T18:30:59","guid":{"rendered":"https:\/\/balouci.com\/?page_id=2009"},"modified":"2025-05-19T10:17:03","modified_gmt":"2025-05-19T10:17:03","slug":"notreespace","status":"publish","type":"page","link":"https:\/\/balouci.com\/en\/notreespace\/","title":{"rendered":"Our space"},"content":{"rendered":"<div data-elementor-type=\"wp-page\" data-elementor-id=\"2009\" class=\"elementor elementor-2009\" data-elementor-post-type=\"page\">\n\t\t\t\t\t\t<section class=\"elementor-section elementor-top-section elementor-element elementor-element-de4dfb4 elementor-section-stretched elementor-section-full_width elementor-section-height-default elementor-section-height-default wpr-particle-no wpr-jarallax-no wpr-parallax-no wpr-sticky-section-no\" data-id=\"de4dfb4\" data-element_type=\"section\" data-settings=\"{&quot;stretch_section&quot;:&quot;section-stretched&quot;,&quot;background_background&quot;:&quot;classic&quot;}\">\n\t\t\t\t\t\t<div class=\"elementor-container elementor-column-gap-no\">\n\t\t\t\t\t<div class=\"elementor-column elementor-col-33 elementor-top-column elementor-element elementor-element-a86d090 elementor-invisible\" data-id=\"a86d090\" data-element_type=\"column\" data-settings=\"{&quot;background_background&quot;:&quot;classic&quot;,&quot;animation&quot;:&quot;fadeIn&quot;}\">\n\t\t\t<div class=\"elementor-widget-wrap\">\n\t\t\t\t\t\t\t<\/div>\n\t\t<\/div>\n\t\t\t\t<div class=\"elementor-column elementor-col-33 elementor-top-column elementor-element elementor-element-405e7e6 elementor-invisible\" data-id=\"405e7e6\" data-element_type=\"column\" data-settings=\"{&quot;background_background&quot;:&quot;classic&quot;,&quot;animation&quot;:&quot;fadeIn&quot;}\">\n\t\t\t<div class=\"elementor-widget-wrap elementor-element-populated\">\n\t\t\t\t\t\t<div class=\"elementor-element elementor-element-b32571a elementor-widget elementor-widget-heading\" data-id=\"b32571a\" data-element_type=\"widget\" data-widget_type=\"heading.default\">\n\t\t\t\t<div class=\"elementor-widget-container\">\n\t\t\t\t\t<h2 class=\"elementor-heading-title elementor-size-default\">Who are we?<\/h2>\t\t\t\t<\/div>\n\t\t\t\t<\/div>\n\t\t\t\t<div class=\"elementor-element elementor-element-d98d1e9 elementor-widget elementor-widget-text-editor\" data-id=\"d98d1e9\" data-element_type=\"widget\" data-widget_type=\"text-editor.default\">\n\t\t\t\t<div class=\"elementor-widget-container\">\n\t\t\t\t\t\t\t\t\t<p>On the one hand, <b>Tageddine Rasha<\/b>, clinical psychologist with <b>10 years of experience working with children<\/b>, brings her expertise to design activities perfectly suited to the development of children.<\/p><p>On the other, <b>Tageddine Rana<\/b>, in charge of marketing, has always had a talent for understanding what families are looking for and how to create unforgettable experiences.<\/p><p>Together, they joined forces to offer Balou an approach both <b>educational, fun and caring<\/b>, un lieu o\u00f9 les enfants peuvent grandir, apprendre et surtout s&rsquo;amuser dans un cadre s\u00e9curis\u00e9 et stimulant !<\/p>\t\t\t\t\t\t\t\t<\/div>\n\t\t\t\t<\/div>\n\t\t\t\t<div class=\"elementor-element elementor-element-585ab31 elementor-hidden-desktop elementor-hidden-tablet elementor-hidden-mobile elementor-widget elementor-widget-image\" data-id=\"585ab31\" data-element_type=\"widget\" data-widget_type=\"image.default\">\n\t\t\t\t<div class=\"elementor-widget-container\">\n\t\t\t\t\t\t\t\t\t\t\t\t\t\t\t<img fetchpriority=\"high\" decoding=\"async\" width=\"600\" height=\"424\" src=\"https:\/\/balouci.com\/wp-content\/uploads\/2024\/11\/Activites-par-age.avif\" class=\"attachment-full size-full wp-image-2066\" alt=\"\" srcset=\"https:\/\/balouci.com\/wp-content\/uploads\/2024\/11\/Activites-par-age.avif 600w, https:\/\/balouci.com\/wp-content\/uploads\/2024\/11\/Activites-par-age-300x212.avif 300w, https:\/\/balouci.com\/wp-content\/uploads\/2024\/11\/Activites-par-age-1x1.avif 1w, https:\/\/balouci.com\/wp-content\/uploads\/2024\/11\/Activites-par-age-10x7.avif 10w\" sizes=\"(max-width: 600px) 100vw, 600px\" \/>\t\t\t\t\t\t\t\t\t\t\t\t\t\t\t<\/div>\n\t\t\t\t<\/div>\n\t\t\t\t\t<\/div>\n\t\t<\/div>\n\t\t\t\t<div class=\"elementor-column elementor-col-33 elementor-top-column elementor-element elementor-element-ee82802 elementor-invisible\" data-id=\"ee82802\" data-element_type=\"column\" data-settings=\"{&quot;background_background&quot;:&quot;classic&quot;,&quot;animation&quot;:&quot;fadeIn&quot;}\">\n\t\t\t<div class=\"elementor-widget-wrap\">\n\t\t\t\t\t\t\t<\/div>\n\t\t<\/div>\n\t\t\t\t\t<\/div>\n\t\t<\/section>\n\t\t\t\t<section class=\"elementor-section elementor-top-section elementor-element elementor-element-5a20258 elementor-section-stretched elementor-section-full_width elementor-section-height-default elementor-section-height-default wpr-particle-no wpr-jarallax-no wpr-parallax-no wpr-sticky-section-no\" data-id=\"5a20258\" data-element_type=\"section\" data-settings=\"{&quot;stretch_section&quot;:&quot;section-stretched&quot;,&quot;background_background&quot;:&quot;classic&quot;}\">\n\t\t\t\t\t\t<div class=\"elementor-container elementor-column-gap-no\">\n\t\t\t\t\t<div class=\"elementor-column elementor-col-33 elementor-top-column elementor-element elementor-element-7291d1d elementor-invisible\" data-id=\"7291d1d\" data-element_type=\"column\" data-settings=\"{&quot;background_background&quot;:&quot;classic&quot;,&quot;animation&quot;:&quot;fadeIn&quot;}\">\n\t\t\t<div class=\"elementor-widget-wrap\">\n\t\t\t\t\t\t\t<\/div>\n\t\t<\/div>\n\t\t\t\t<div class=\"elementor-column elementor-col-33 elementor-top-column elementor-element elementor-element-eb5e244 elementor-invisible\" data-id=\"eb5e244\" data-element_type=\"column\" data-settings=\"{&quot;background_background&quot;:&quot;classic&quot;,&quot;animation&quot;:&quot;fadeIn&quot;}\">\n\t\t\t<div class=\"elementor-widget-wrap elementor-element-populated\">\n\t\t\t\t\t\t<div class=\"elementor-element elementor-element-6f0cc0f elementor-widget elementor-widget-heading\" data-id=\"6f0cc0f\" data-element_type=\"widget\" data-widget_type=\"heading.default\">\n\t\t\t\t<div class=\"elementor-widget-container\">\n\t\t\t\t\t<h2 class=\"elementor-heading-title elementor-size-default\">Balou\u2019s concept:<\/h2>\t\t\t\t<\/div>\n\t\t\t\t<\/div>\n\t\t\t\t<div class=\"elementor-element elementor-element-2a83be4 elementor-widget elementor-widget-text-editor\" data-id=\"2a83be4\" data-element_type=\"widget\" data-widget_type=\"text-editor.default\">\n\t\t\t\t<div class=\"elementor-widget-container\">\n\t\t\t\t\t\t\t\t\t<p>Balou is an innovative educational game space that stands out for its educational approach. The space is designed to be secure, with constant surveillance by supervising professionals. We also take care to create a reassuring and child-friendly environment.<\/p><p>Balou's daily program is designed to provide children with an environment that is both structured and stimulating, while meeting their developmental needs.<\/p><ol><li><b>Morning (<\/b><a href=\"x-apple-data-detectors:\/\/embedded-result\/3302\"><b>from 8h30 till noon<\/b><\/a><b>)<\/b> : Children participate in carefully organized educational and fun activities that promote their learning and well-being. This program was designed as an enriching alternative to daycare, offering structure and learning moments that stimulate creativity, logic and social skills.<\/li><li><b>Afternoon (<\/b><a href=\"x-apple-data-detectors:\/\/embedded-result\/3674\"><b>from noon till 18h<\/b><\/a><b>)<\/b> : This period is dedicated to <b>fun workshops<\/b> and <b>free play<\/b>, where children can explore different activities based on their interests. These moments are crucial for their personal development and autonomy, and allow them to strengthen their social skills by interacting with other children.<\/li><\/ol><p>All programs and activities are <b>developed by a clinical psychologist with 10 years of experience working with children<\/b>, guaranteeing an approach adapted to the emotional and cognitive needs of children at each stage of their development.<\/p><p>Balou's goal is to create a safe, caring environment rich in learning opportunities, while allowing each child to flourish at their own pace.<\/p>\t\t\t\t\t\t\t\t<\/div>\n\t\t\t\t<\/div>\n\t\t\t\t\t<\/div>\n\t\t<\/div>\n\t\t\t\t<div class=\"elementor-column elementor-col-33 elementor-top-column elementor-element elementor-element-32bfb7e elementor-invisible\" data-id=\"32bfb7e\" data-element_type=\"column\" data-settings=\"{&quot;background_background&quot;:&quot;classic&quot;,&quot;animation&quot;:&quot;fadeIn&quot;}\">\n\t\t\t<div class=\"elementor-widget-wrap\">\n\t\t\t\t\t\t\t<\/div>\n\t\t<\/div>\n\t\t\t\t\t<\/div>\n\t\t<\/section>\n\t\t\t\t<section class=\"elementor-section elementor-top-section elementor-element elementor-element-085c239 elementor-section-stretched elementor-section-full_width elementor-section-height-default elementor-section-height-default wpr-particle-no wpr-jarallax-no wpr-parallax-no wpr-sticky-section-no\" data-id=\"085c239\" data-element_type=\"section\" data-settings=\"{&quot;stretch_section&quot;:&quot;section-stretched&quot;,&quot;background_background&quot;:&quot;classic&quot;}\">\n\t\t\t\t\t\t<div class=\"elementor-container elementor-column-gap-no\">\n\t\t\t\t\t<div class=\"elementor-column elementor-col-100 elementor-top-column elementor-element elementor-element-ee7c498 elementor-invisible\" data-id=\"ee7c498\" data-element_type=\"column\" data-settings=\"{&quot;background_background&quot;:&quot;classic&quot;,&quot;animation&quot;:&quot;fadeIn&quot;}\">\n\t\t\t<div class=\"elementor-widget-wrap elementor-element-populated\">\n\t\t\t\t\t\t<div class=\"elementor-element elementor-element-ef08364 gallery-spacing-custom elementor-widget__width-initial elementor-widget elementor-widget-image-gallery\" data-id=\"ef08364\" data-element_type=\"widget\" data-widget_type=\"image-gallery.default\">\n\t\t\t\t<div class=\"elementor-widget-container\">\n\t\t\t\t\t\t\t<div class=\"elementor-image-gallery\">\n\t\t\t\n\t\t<style type=\"text\/css\">\n\t\t\t#gallery-1 {\n\t\t\t\tmargin: auto;\n\t\t\t}\n\t\t\t#gallery-1 .gallery-item {\n\t\t\t\tfloat: left;\n\t\t\t\tmargin-top: 10px;\n\t\t\t\ttext-align: center;\n\t\t\t\twidth: 33%;\n\t\t\t}\n\t\t\t#gallery-1 img {\n\t\t\t\tborder: 2px solid #cfcfcf;\n\t\t\t}\n\t\t\t#gallery-1 .gallery-caption {\n\t\t\t\tmargin-left: 0;\n\t\t\t}\n\t\t\t\/* see gallery_shortcode() in wp-includes\/media.php *\/\n\t\t<\/style>\n\t\t<div id='gallery-1' class='gallery galleryid-2009 gallery-columns-3 gallery-size-full'><dl class='gallery-item'>\n\t\t\t<dt class='gallery-icon portrait'>\n\t\t\t\t<a data-elementor-open-lightbox=\"yes\" data-elementor-lightbox-slideshow=\"ef08364\" data-elementor-lightbox-title=\"aire de jeux- \u00e0 -Abidjan\" data-e-action-hash=\"#elementor-action%3Aaction%3Dlightbox%26settings%3DeyJpZCI6MzE0NCwidXJsIjoiaHR0cHM6XC9cL2JhbG91Y2kuY29tXC93cC1jb250ZW50XC91cGxvYWRzXC8yMDI1XC8wNVwvcGhvdG8tb3V0cHV0XzEtc2NhbGVkLmpwZyIsInNsaWRlc2hvdyI6ImVmMDgzNjQifQ%3D%3D\" href='https:\/\/balouci.com\/wp-content\/uploads\/2025\/05\/photo-output_1-scaled.jpg'><img decoding=\"async\" width=\"1920\" height=\"2560\" src=\"https:\/\/balouci.com\/wp-content\/uploads\/2025\/05\/photo-output_1-scaled.jpg\" class=\"attachment-full size-full\" alt=\"salle de jeux \u00e0 Abidjan\" srcset=\"https:\/\/balouci.com\/wp-content\/uploads\/2025\/05\/photo-output_1-scaled.jpg 1920w, https:\/\/balouci.com\/wp-content\/uploads\/2025\/05\/photo-output_1-225x300.jpg 225w, https:\/\/balouci.com\/wp-content\/uploads\/2025\/05\/photo-output_1-768x1024.jpg 768w, https:\/\/balouci.com\/wp-content\/uploads\/2025\/05\/photo-output_1-1152x1536.jpg 1152w, https:\/\/balouci.com\/wp-content\/uploads\/2025\/05\/photo-output_1-1536x2048.jpg 1536w, https:\/\/balouci.com\/wp-content\/uploads\/2025\/05\/photo-output_1-9x12.jpg 9w, https:\/\/balouci.com\/wp-content\/uploads\/2025\/05\/photo-output_1-600x800.jpg 600w, https:\/\/balouci.com\/wp-content\/uploads\/2025\/05\/photo-output_1-1x1.jpg 1w, https:\/\/balouci.com\/wp-content\/uploads\/2025\/05\/photo-output_1-8x10.jpg 8w\" sizes=\"(max-width: 1920px) 100vw, 1920px\" \/><\/a>\n\t\t\t<\/dt><\/dl><dl class='gallery-item'>\n\t\t\t<dt class='gallery-icon portrait'>\n\t\t\t\t<a data-elementor-open-lightbox=\"yes\" data-elementor-lightbox-slideshow=\"ef08364\" data-elementor-lightbox-title=\"Balou-aire de jeux\" data-e-action-hash=\"#elementor-action%3Aaction%3Dlightbox%26settings%3DeyJpZCI6MzE0NSwidXJsIjoiaHR0cHM6XC9cL2JhbG91Y2kuY29tXC93cC1jb250ZW50XC91cGxvYWRzXC8yMDI1XC8wNVwvcGhvdG8tb3V0cHV0XzItc2NhbGVkLmpwZyIsInNsaWRlc2hvdyI6ImVmMDgzNjQifQ%3D%3D\" href='https:\/\/balouci.com\/wp-content\/uploads\/2025\/05\/photo-output_2-scaled.jpg'><img decoding=\"async\" width=\"1920\" height=\"2560\" src=\"https:\/\/balouci.com\/wp-content\/uploads\/2025\/05\/photo-output_2-scaled.jpg\" class=\"attachment-full size-full\" alt=\"aire de jeux \u00e0 Abidjan\" srcset=\"https:\/\/balouci.com\/wp-content\/uploads\/2025\/05\/photo-output_2-scaled.jpg 1920w, https:\/\/balouci.com\/wp-content\/uploads\/2025\/05\/photo-output_2-225x300.jpg 225w, https:\/\/balouci.com\/wp-content\/uploads\/2025\/05\/photo-output_2-768x1024.jpg 768w, https:\/\/balouci.com\/wp-content\/uploads\/2025\/05\/photo-output_2-1152x1536.jpg 1152w, https:\/\/balouci.com\/wp-content\/uploads\/2025\/05\/photo-output_2-1536x2048.jpg 1536w, https:\/\/balouci.com\/wp-content\/uploads\/2025\/05\/photo-output_2-9x12.jpg 9w, https:\/\/balouci.com\/wp-content\/uploads\/2025\/05\/photo-output_2-600x800.jpg 600w, https:\/\/balouci.com\/wp-content\/uploads\/2025\/05\/photo-output_2-1x1.jpg 1w, https:\/\/balouci.com\/wp-content\/uploads\/2025\/05\/photo-output_2-8x10.jpg 8w\" sizes=\"(max-width: 1920px) 100vw, 1920px\" \/><\/a>\n\t\t\t<\/dt><\/dl><dl class='gallery-item'>\n\t\t\t<dt class='gallery-icon portrait'>\n\t\t\t\t<a data-elementor-open-lightbox=\"yes\" data-elementor-lightbox-slideshow=\"ef08364\" data-elementor-lightbox-title=\"atelier-enfant-abidjan\" data-e-action-hash=\"#elementor-action%3Aaction%3Dlightbox%26settings%3DeyJpZCI6MzE0NiwidXJsIjoiaHR0cHM6XC9cL2JhbG91Y2kuY29tXC93cC1jb250ZW50XC91cGxvYWRzXC8yMDI1XC8wNVwvcGhvdG8tb3V0cHV0XzMtc2NhbGVkLmpwZyIsInNsaWRlc2hvdyI6ImVmMDgzNjQifQ%3D%3D\" href='https:\/\/balouci.com\/wp-content\/uploads\/2025\/05\/photo-output_3-scaled.jpg'><img loading=\"lazy\" decoding=\"async\" width=\"1920\" height=\"2560\" src=\"https:\/\/balouci.com\/wp-content\/uploads\/2025\/05\/photo-output_3-scaled.jpg\" class=\"attachment-full size-full\" alt=\"atelier enfant \u00e0 Abidjan\" srcset=\"https:\/\/balouci.com\/wp-content\/uploads\/2025\/05\/photo-output_3-scaled.jpg 1920w, https:\/\/balouci.com\/wp-content\/uploads\/2025\/05\/photo-output_3-225x300.jpg 225w, https:\/\/balouci.com\/wp-content\/uploads\/2025\/05\/photo-output_3-768x1024.jpg 768w, https:\/\/balouci.com\/wp-content\/uploads\/2025\/05\/photo-output_3-1152x1536.jpg 1152w, https:\/\/balouci.com\/wp-content\/uploads\/2025\/05\/photo-output_3-1536x2048.jpg 1536w, https:\/\/balouci.com\/wp-content\/uploads\/2025\/05\/photo-output_3-9x12.jpg 9w, https:\/\/balouci.com\/wp-content\/uploads\/2025\/05\/photo-output_3-600x800.jpg 600w, https:\/\/balouci.com\/wp-content\/uploads\/2025\/05\/photo-output_3-1x1.jpg 1w, https:\/\/balouci.com\/wp-content\/uploads\/2025\/05\/photo-output_3-8x10.jpg 8w\" sizes=\"(max-width: 1920px) 100vw, 1920px\" \/><\/a>\n\t\t\t<\/dt><\/dl><br style=\"clear: both\" \/><dl class='gallery-item'>\n\t\t\t<dt class='gallery-icon portrait'>\n\t\t\t\t<a data-elementor-open-lightbox=\"yes\" data-elementor-lightbox-slideshow=\"ef08364\" data-elementor-lightbox-title=\"atelier-abidjan\" data-e-action-hash=\"#elementor-action%3Aaction%3Dlightbox%26settings%3DeyJpZCI6MzE0NywidXJsIjoiaHR0cHM6XC9cL2JhbG91Y2kuY29tXC93cC1jb250ZW50XC91cGxvYWRzXC8yMDI1XC8wNVwvcGhvdG8tb3V0cHV0XzQuanBlZyIsInNsaWRlc2hvdyI6ImVmMDgzNjQifQ%3D%3D\" href='https:\/\/balouci.com\/wp-content\/uploads\/2025\/05\/photo-output_4.jpeg'><img loading=\"lazy\" decoding=\"async\" width=\"1536\" height=\"2048\" src=\"https:\/\/balouci.com\/wp-content\/uploads\/2025\/05\/photo-output_4.jpeg\" class=\"attachment-full size-full\" alt=\"aire de jeux \u00e0 Abidjan\" srcset=\"https:\/\/balouci.com\/wp-content\/uploads\/2025\/05\/photo-output_4.jpeg 1536w, https:\/\/balouci.com\/wp-content\/uploads\/2025\/05\/photo-output_4-225x300.jpeg 225w, https:\/\/balouci.com\/wp-content\/uploads\/2025\/05\/photo-output_4-768x1024.jpeg 768w, https:\/\/balouci.com\/wp-content\/uploads\/2025\/05\/photo-output_4-1152x1536.jpeg 1152w, https:\/\/balouci.com\/wp-content\/uploads\/2025\/05\/photo-output_4-9x12.jpeg 9w, https:\/\/balouci.com\/wp-content\/uploads\/2025\/05\/photo-output_4-600x800.jpeg 600w, https:\/\/balouci.com\/wp-content\/uploads\/2025\/05\/photo-output_4-1x1.jpeg 1w, https:\/\/balouci.com\/wp-content\/uploads\/2025\/05\/photo-output_4-8x10.jpeg 8w\" sizes=\"(max-width: 1536px) 100vw, 1536px\" \/><\/a>\n\t\t\t<\/dt><\/dl><dl class='gallery-item'>\n\t\t\t<dt class='gallery-icon portrait'>\n\t\t\t\t<a data-elementor-open-lightbox=\"yes\" data-elementor-lightbox-slideshow=\"ef08364\" data-elementor-lightbox-title=\"mini lab\" data-e-action-hash=\"#elementor-action%3Aaction%3Dlightbox%26settings%3DeyJpZCI6MzA5NSwidXJsIjoiaHR0cHM6XC9cL2JhbG91Y2kuY29tXC93cC1jb250ZW50XC91cGxvYWRzXC8yMDI1XC8wM1wvbWluaS1sYWItc2NhbGVkLmpwZyIsInNsaWRlc2hvdyI6ImVmMDgzNjQifQ%3D%3D\" href='https:\/\/balouci.com\/wp-content\/uploads\/2025\/03\/mini-lab-scaled.jpg'><img loading=\"lazy\" decoding=\"async\" width=\"1920\" height=\"2560\" src=\"https:\/\/balouci.com\/wp-content\/uploads\/2025\/03\/mini-lab-scaled.jpg\" class=\"attachment-full size-full\" alt=\"\" srcset=\"https:\/\/balouci.com\/wp-content\/uploads\/2025\/03\/mini-lab-scaled.jpg 1920w, https:\/\/balouci.com\/wp-content\/uploads\/2025\/03\/mini-lab-225x300.jpg 225w, https:\/\/balouci.com\/wp-content\/uploads\/2025\/03\/mini-lab-768x1024.jpg 768w, https:\/\/balouci.com\/wp-content\/uploads\/2025\/03\/mini-lab-1152x1536.jpg 1152w, https:\/\/balouci.com\/wp-content\/uploads\/2025\/03\/mini-lab-1536x2048.jpg 1536w, https:\/\/balouci.com\/wp-content\/uploads\/2025\/03\/mini-lab-9x12.jpg 9w, https:\/\/balouci.com\/wp-content\/uploads\/2025\/03\/mini-lab-600x800.jpg 600w, https:\/\/balouci.com\/wp-content\/uploads\/2025\/03\/mini-lab-1x1.jpg 1w, https:\/\/balouci.com\/wp-content\/uploads\/2025\/03\/mini-lab-8x10.jpg 8w\" sizes=\"(max-width: 1920px) 100vw, 1920px\" \/><\/a>\n\t\t\t<\/dt><\/dl><dl class='gallery-item'>\n\t\t\t<dt class='gallery-icon portrait'>\n\t\t\t\t<a data-elementor-open-lightbox=\"yes\" data-elementor-lightbox-slideshow=\"ef08364\" data-elementor-lightbox-title=\"birthday \u00e0 abidjan\" data-e-action-hash=\"#elementor-action%3Aaction%3Dlightbox%26settings%3DeyJpZCI6MzE0OSwidXJsIjoiaHR0cHM6XC9cL2JhbG91Y2kuY29tXC93cC1jb250ZW50XC91cGxvYWRzXC8yMDI1XC8wNVwvcGhvdG8tb3V0cHV0LTMtc2NhbGVkLmpwZyIsInNsaWRlc2hvdyI6ImVmMDgzNjQifQ%3D%3D\" href='https:\/\/balouci.com\/wp-content\/uploads\/2025\/05\/photo-output-3-scaled.jpg'><img loading=\"lazy\" decoding=\"async\" width=\"1920\" height=\"2560\" src=\"https:\/\/balouci.com\/wp-content\/uploads\/2025\/05\/photo-output-3-scaled.jpg\" class=\"attachment-full size-full\" alt=\"birthday abidjan\" srcset=\"https:\/\/balouci.com\/wp-content\/uploads\/2025\/05\/photo-output-3-scaled.jpg 1920w, https:\/\/balouci.com\/wp-content\/uploads\/2025\/05\/photo-output-3-225x300.jpg 225w, https:\/\/balouci.com\/wp-content\/uploads\/2025\/05\/photo-output-3-768x1024.jpg 768w, https:\/\/balouci.com\/wp-content\/uploads\/2025\/05\/photo-output-3-1152x1536.jpg 1152w, https:\/\/balouci.com\/wp-content\/uploads\/2025\/05\/photo-output-3-1536x2048.jpg 1536w, https:\/\/balouci.com\/wp-content\/uploads\/2025\/05\/photo-output-3-9x12.jpg 9w, https:\/\/balouci.com\/wp-content\/uploads\/2025\/05\/photo-output-3-600x800.jpg 600w, https:\/\/balouci.com\/wp-content\/uploads\/2025\/05\/photo-output-3-1x1.jpg 1w, https:\/\/balouci.com\/wp-content\/uploads\/2025\/05\/photo-output-3-8x10.jpg 8w\" sizes=\"(max-width: 1920px) 100vw, 1920px\" \/><\/a>\n\t\t\t<\/dt><\/dl><br style=\"clear: both\" \/><dl class='gallery-item'>\n\t\t\t<dt class='gallery-icon portrait'>\n\t\t\t\t<a data-elementor-open-lightbox=\"yes\" data-elementor-lightbox-slideshow=\"ef08364\" data-elementor-lightbox-title=\"birthday at Balou\" data-e-action-hash=\"#elementor-action%3Aaction%3Dlightbox%26settings%3DeyJpZCI6MzE0OCwidXJsIjoiaHR0cHM6XC9cL2JhbG91Y2kuY29tXC93cC1jb250ZW50XC91cGxvYWRzXC8yMDI1XC8wNVwvcGhvdG8tb3V0cHV0XzUtc2NhbGVkLmpwZWciLCJzbGlkZXNob3ciOiJlZjA4MzY0In0%3D\" href='https:\/\/balouci.com\/wp-content\/uploads\/2025\/05\/photo-output_5-scaled.jpeg'><img loading=\"lazy\" decoding=\"async\" width=\"2048\" height=\"2560\" src=\"https:\/\/balouci.com\/wp-content\/uploads\/2025\/05\/photo-output_5-scaled.jpeg\" class=\"attachment-full size-full\" alt=\"birthday abidjan\" srcset=\"https:\/\/balouci.com\/wp-content\/uploads\/2025\/05\/photo-output_5-scaled.jpeg 2048w, https:\/\/balouci.com\/wp-content\/uploads\/2025\/05\/photo-output_5-240x300.jpeg 240w, https:\/\/balouci.com\/wp-content\/uploads\/2025\/05\/photo-output_5-819x1024.jpeg 819w, https:\/\/balouci.com\/wp-content\/uploads\/2025\/05\/photo-output_5-768x960.jpeg 768w, https:\/\/balouci.com\/wp-content\/uploads\/2025\/05\/photo-output_5-1229x1536.jpeg 1229w, https:\/\/balouci.com\/wp-content\/uploads\/2025\/05\/photo-output_5-1638x2048.jpeg 1638w, https:\/\/balouci.com\/wp-content\/uploads\/2025\/05\/photo-output_5-10x12.jpeg 10w, https:\/\/balouci.com\/wp-content\/uploads\/2025\/05\/photo-output_5-600x750.jpeg 600w, https:\/\/balouci.com\/wp-content\/uploads\/2025\/05\/photo-output_5-1x1.jpeg 1w, https:\/\/balouci.com\/wp-content\/uploads\/2025\/05\/photo-output_5-8x10.jpeg 8w\" sizes=\"(max-width: 2048px) 100vw, 2048px\" \/><\/a>\n\t\t\t<\/dt><\/dl><dl class='gallery-item'>\n\t\t\t<dt class='gallery-icon portrait'>\n\t\t\t\t<a data-elementor-open-lightbox=\"yes\" data-elementor-lightbox-slideshow=\"ef08364\" data-elementor-lightbox-title=\"photo-output_0\" data-e-action-hash=\"#elementor-action%3Aaction%3Dlightbox%26settings%3DeyJpZCI6MzE0MywidXJsIjoiaHR0cHM6XC9cL2JhbG91Y2kuY29tXC93cC1jb250ZW50XC91cGxvYWRzXC8yMDI1XC8wNVwvcGhvdG8tb3V0cHV0XzAtc2NhbGVkLmpwZWciLCJzbGlkZXNob3ciOiJlZjA4MzY0In0%3D\" href='https:\/\/balouci.com\/wp-content\/uploads\/2025\/05\/photo-output_0-scaled.jpeg'><img loading=\"lazy\" decoding=\"async\" width=\"2048\" height=\"2560\" src=\"https:\/\/balouci.com\/wp-content\/uploads\/2025\/05\/photo-output_0-scaled.jpeg\" class=\"attachment-full size-full\" alt=\"\" srcset=\"https:\/\/balouci.com\/wp-content\/uploads\/2025\/05\/photo-output_0-scaled.jpeg 2048w, https:\/\/balouci.com\/wp-content\/uploads\/2025\/05\/photo-output_0-240x300.jpeg 240w, https:\/\/balouci.com\/wp-content\/uploads\/2025\/05\/photo-output_0-819x1024.jpeg 819w, https:\/\/balouci.com\/wp-content\/uploads\/2025\/05\/photo-output_0-768x960.jpeg 768w, https:\/\/balouci.com\/wp-content\/uploads\/2025\/05\/photo-output_0-1229x1536.jpeg 1229w, https:\/\/balouci.com\/wp-content\/uploads\/2025\/05\/photo-output_0-1638x2048.jpeg 1638w, https:\/\/balouci.com\/wp-content\/uploads\/2025\/05\/photo-output_0-10x12.jpeg 10w, https:\/\/balouci.com\/wp-content\/uploads\/2025\/05\/photo-output_0-600x750.jpeg 600w, https:\/\/balouci.com\/wp-content\/uploads\/2025\/05\/photo-output_0-1x1.jpeg 1w, https:\/\/balouci.com\/wp-content\/uploads\/2025\/05\/photo-output_0-8x10.jpeg 8w\" sizes=\"(max-width: 2048px) 100vw, 2048px\" \/><\/a>\n\t\t\t<\/dt><\/dl><dl class='gallery-item'>\n\t\t\t<dt class='gallery-icon portrait'>\n\t\t\t\t<a data-elementor-open-lightbox=\"yes\" data-elementor-lightbox-slideshow=\"ef08364\" data-elementor-lightbox-title=\"5CB176D9-72A5-4ACA-91A1-3ECCD1C1CF09\" data-e-action-hash=\"#elementor-action%3Aaction%3Dlightbox%26settings%3DeyJpZCI6MzExOCwidXJsIjoiaHR0cHM6XC9cL2JhbG91Y2kuY29tXC93cC1jb250ZW50XC91cGxvYWRzXC8yMDI1XC8wNFwvNUNCMTc2RDktNzJBNS00QUNBLTkxQTEtM0VDQ0QxQzFDRjA5LmpwZWciLCJzbGlkZXNob3ciOiJlZjA4MzY0In0%3D\" href='https:\/\/balouci.com\/wp-content\/uploads\/2025\/04\/5CB176D9-72A5-4ACA-91A1-3ECCD1C1CF09.jpeg'><img loading=\"lazy\" decoding=\"async\" width=\"1080\" height=\"1350\" src=\"https:\/\/balouci.com\/wp-content\/uploads\/2025\/04\/5CB176D9-72A5-4ACA-91A1-3ECCD1C1CF09.jpeg\" class=\"attachment-full size-full\" alt=\"\" srcset=\"https:\/\/balouci.com\/wp-content\/uploads\/2025\/04\/5CB176D9-72A5-4ACA-91A1-3ECCD1C1CF09.jpeg 1080w, https:\/\/balouci.com\/wp-content\/uploads\/2025\/04\/5CB176D9-72A5-4ACA-91A1-3ECCD1C1CF09-240x300.jpeg 240w, https:\/\/balouci.com\/wp-content\/uploads\/2025\/04\/5CB176D9-72A5-4ACA-91A1-3ECCD1C1CF09-819x1024.jpeg 819w, https:\/\/balouci.com\/wp-content\/uploads\/2025\/04\/5CB176D9-72A5-4ACA-91A1-3ECCD1C1CF09-768x960.jpeg 768w, https:\/\/balouci.com\/wp-content\/uploads\/2025\/04\/5CB176D9-72A5-4ACA-91A1-3ECCD1C1CF09-10x12.jpeg 10w, https:\/\/balouci.com\/wp-content\/uploads\/2025\/04\/5CB176D9-72A5-4ACA-91A1-3ECCD1C1CF09-600x750.jpeg 600w, https:\/\/balouci.com\/wp-content\/uploads\/2025\/04\/5CB176D9-72A5-4ACA-91A1-3ECCD1C1CF09-1x1.jpeg 1w, https:\/\/balouci.com\/wp-content\/uploads\/2025\/04\/5CB176D9-72A5-4ACA-91A1-3ECCD1C1CF09-8x10.jpeg 8w\" sizes=\"(max-width: 1080px) 100vw, 1080px\" \/><\/a>\n\t\t\t<\/dt><\/dl><br style=\"clear: both\" \/>\n\t\t<\/div>\n\t\t<\/div>\n\t\t\t\t\t\t<\/div>\n\t\t\t\t<\/div>\n\t\t\t\t\t<\/div>\n\t\t<\/div>\n\t\t\t\t\t<\/div>\n\t\t<\/section>\n\t\t\t\t<\/div>","protected":false},"excerpt":{"rendered":"<p>Qui sommes nous? D&rsquo;un c\u00f4t\u00e9, Tageddine Rasha, psychologue clinicienne avec 10 ans d\u2019exp\u00e9rience aupr\u00e8s des enfants, apporte son expertise pour concevoir des activit\u00e9s parfaitement adapt\u00e9es&#8230;<\/p>","protected":false},"author":1,"featured_media":0,"parent":0,"menu_order":0,"comment_status":"closed","ping_status":"closed","template":"","meta":{"_monsterinsights_skip_tracking":false,"_monsterinsights_sitenote_active":false,"_monsterinsights_sitenote_note":"","_monsterinsights_sitenote_category":0,"footnotes":""},"class_list":["post-2009","page","type-page","status-publish","hentry"],"_links":{"self":[{"href":"https:\/\/balouci.com\/en\/wp-json\/wp\/v2\/pages\/2009","targetHints":{"allow":["GET"]}}],"collection":[{"href":"https:\/\/balouci.com\/en\/wp-json\/wp\/v2\/pages"}],"about":[{"href":"https:\/\/balouci.com\/en\/wp-json\/wp\/v2\/types\/page"}],"author":[{"embeddable":true,"href":"https:\/\/balouci.com\/en\/wp-json\/wp\/v2\/users\/1"}],"replies":[{"embeddable":true,"href":"https:\/\/balouci.com\/en\/wp-json\/wp\/v2\/comments?post=2009"}],"version-history":[{"count":56,"href":"https:\/\/balouci.com\/en\/wp-json\/wp\/v2\/pages\/2009\/revisions"}],"predecessor-version":[{"id":3155,"href":"https:\/\/balouci.com\/en\/wp-json\/wp\/v2\/pages\/2009\/revisions\/3155"}],"wp:attachment":[{"href":"https:\/\/balouci.com\/en\/wp-json\/wp\/v2\/media?parent=2009"}],"curies":[{"name":"wp","href":"https:\/\/api.w.org\/{rel}","templated":true}]}}